{"id":221,"date":"2022-08-04T12:29:11","date_gmt":"2022-08-04T12:29:11","guid":{"rendered":"https:\/\/olimpiafutar.hu\/?page_id=221"},"modified":"2023-08-15T16:29:25","modified_gmt":"2023-08-15T16:29:25","slug":"motoros","status":"publish","type":"page","link":"https:\/\/olimpiafutar.hu\/?page_id=221","title":{"rendered":"Motoros"},"content":{"rendered":"\t\t<div data-elementor-type=\"wp-page\" data-elementor-id=\"221\" class=\"elementor elementor-221\">\n\t\t\t\t\t\t\t\t\t<section class=\"elementor-section elementor-top-section elementor-element elementor-element-44e9c377 elementor-section-content-middle elementor-reverse-mobile elementor-section-boxed elementor-section-height-default elementor-section-height-default\" data-id=\"44e9c377\" data-element_type=\"section\">\n\t\t\t\t\t\t<div class=\"elementor-container elementor-column-gap-no\">\n\t\t\t\t\t<div class=\"elementor-column elementor-col-50 elementor-top-column elementor-element elementor-element-1b90ac9a\" data-id=\"1b90ac9a\" data-element_type=\"column\">\n\t\t\t<div class=\"elementor-widget-wrap elementor-element-populated\">\n\t\t\t\t\t\t\t\t<div class=\"elementor-element elementor-element-17c9373 elementor-widget elementor-widget-heading\" data-id=\"17c9373\" data-element_type=\"widget\" data-widget_type=\"heading.default\">\n\t\t\t\t<div class=\"elementor-widget-container\">\n\t\t\t<style>\/*! elementor - v3.6.6 - 08-06-2022 *\/\n.elementor-heading-title{padding:0;margin:0;line-height:1}.elementor-widget-heading .elementor-heading-title[class*=elementor-size-]>a{color:inherit;font-size:inherit;line-height:inherit}.elementor-widget-heading .elementor-heading-title.elementor-size-small{font-size:15px}.elementor-widget-heading .elementor-heading-title.elementor-size-medium{font-size:19px}.elementor-widget-heading .elementor-heading-title.elementor-size-large{font-size:29px}.elementor-widget-heading .elementor-heading-title.elementor-size-xl{font-size:39px}.elementor-widget-heading .elementor-heading-title.elementor-size-xxl{font-size:59px}<\/style><h2 class=\"elementor-heading-title elementor-size-default\">Motoros<\/h2>\t\t<\/div>\n\t\t\t\t<\/div>\n\t\t\t\t<div class=\"elementor-element elementor-element-3094072e elementor-widget elementor-widget-text-editor\" data-id=\"3094072e\" data-element_type=\"widget\" data-widget_type=\"text-editor.default\">\n\t\t\t\t<div class=\"elementor-widget-container\">\n\t\t\t<style>\/*! elementor - v3.6.6 - 08-06-2022 *\/\n.elementor-widget-text-editor.elementor-drop-cap-view-stacked .elementor-drop-cap{background-color:#818a91;color:#fff}.elementor-widget-text-editor.elementor-drop-cap-view-framed .elementor-drop-cap{color:#818a91;border:3px solid;background-color:transparent}.elementor-widget-text-editor:not(.elementor-drop-cap-view-default) .elementor-drop-cap{margin-top:8px}.elementor-widget-text-editor:not(.elementor-drop-cap-view-default) .elementor-drop-cap-letter{width:1em;height:1em}.elementor-widget-text-editor .elementor-drop-cap{float:left;text-align:center;line-height:1;font-size:50px}.elementor-widget-text-editor .elementor-drop-cap-letter{display:inline-block}<\/style>\t\t\t\t<p>Gyors \u00e9s egyszer\u0171 megold\u00e1sra, kisebb m\u00e9ret\u0171 k\u00fcldem\u00e9nyek k\u00e9zbes\u00edt\u00e9s\u00e9re van sz\u00fcks\u00e9ge? Levelek, dosszi\u00e9k, kompakt dobozok maximum 20 cm hossz\u00fas\u00e1gig, 40 cm sz\u00e9less\u00e9gig, 45 cm magass\u00e1gig \u00e9s 10 kg-os s\u00falyhat\u00e1rig t\u00f6rt\u00e9n\u0151 k\u00e9zbes\u00edt\u00e9s\u00e9re v\u00e1lassza a <strong>Motoros Fut\u00e1r Szolg\u00e1ltat\u00e1sunkat<\/strong>. A k\u00f6zleked\u00e9si dug\u00f3 nem akad\u00e1ly. Fut\u00e1r koll\u00e9g\u00e1ink \u00e1llnak rendelkez\u00e9s\u00e9re minden k\u00f6r\u00fclm\u00e9nyek k\u00f6z\u00f6tt. A szolg\u00e1ltat\u00e1s alap\u00e1ras.<\/p><p>\u00a0<\/p>\t\t\t\t\t\t<\/div>\n\t\t\t\t<\/div>\n\t\t\t\t<div class=\"elementor-element elementor-element-f413e6d elementor-widget elementor-widget-text-editor\" data-id=\"f413e6d\" data-element_type=\"widget\" data-widget_type=\"text-editor.default\">\n\t\t\t\t<div class=\"elementor-widget-container\">\n\t\t\t\t\t\t\t<p><em>\u00c1raink t\u00e1j\u00e9koztat\u00f3 jelleggel,<strong>\u00a0\u00c1FA-mentesen<\/strong>\u00a0\u00e9rtend\u0151k. (\u00c1FA:+27%) <\/em><\/p><p><em>Akci\u00f3inkr\u00f3l, speci\u00e1lis <\/em><em>ig\u00e9nyek teljes\u00edt\u00e9s\u00e9r\u0151l konzult\u00e1ljon telefonon, vagy e-mailben \u00dcgyf\u00e9lszolg\u00e1latunkkal. K\u00e9rd\u00e9seiket, \u00e9szrev\u00e9teleiket is sz\u00edvesen fogadjuk el\u00e9rhet\u0151s\u00e9geinken.<\/em><\/p><p><strong>Alapd\u00edj<\/strong>: egy sz\u00e1ll\u00edt\u00e1son bel\u00fcl a k\u00e9t legt\u00e1volabbi c\u00edmhez tartoz\u00f3 \u00f6sszeg.<\/p><p><strong>Oda-vissza sz\u00e1ll\u00edt\u00e1sok<\/strong>: alapd\u00edj +50% (min.+2.400,-Ft)<\/p><p><strong>T\u00f6bb c\u00edmes sz\u00e1ll\u00edt\u00e1sok<\/strong>: alapd\u00edj +2400,-Ft\/c\u00edm<\/p><p><strong>*-gal jelzett ker\u00fcletek k\u00fcls\u0151 ter\u00fcleteire\/r\u0151l t\u00f6rt\u00e9n\u0151 sz\u00e1ll\u00edt\u00e1sok<\/strong>: alapd\u00edj +800,-Ft<\/p><p><strong>V\u00e1rakoz\u00e1s<\/strong>: d\u00edjtalan 10 percig. Ezt meghalad\u00f3an 500,-Ft\/10perc<\/p>\t\t\t\t\t\t<\/div>\n\t\t\t\t<\/div>\n\t\t\t\t\t<\/div>\n\t\t<\/div>\n\t\t\t\t<div class=\"elementor-column elementor-col-50 elementor-top-column elementor-element elementor-element-4e9f99f8\" data-id=\"4e9f99f8\" data-element_type=\"column\">\n\t\t\t<div class=\"elementor-widget-wrap elementor-element-populated\">\n\t\t\t\t\t\t\t\t<div class=\"elementor-element elementor-element-cd5b71b elementor-view-default elementor-widget elementor-widget-icon\" data-id=\"cd5b71b\" data-element_type=\"widget\" data-widget_type=\"icon.default\">\n\t\t\t\t<div class=\"elementor-widget-container\">\n\t\t\t\t\t<div class=\"elementor-icon-wrapper\">\n\t\t\t<div class=\"elementor-icon\">\n\t\t\t<svg aria-hidden=\"true\" class=\"e-font-icon-svg e-fas-exclamation\"><use xlink:href=\"#fas-exclamation\" \/><\/svg>\t\t\t<\/div>\n\t\t<\/div>\n\t\t\t\t<\/div>\n\t\t\t\t<\/div>\n\t\t\t\t<div class=\"elementor-element elementor-element-c62ec89 elementor-widget elementor-widget-text-editor\" data-id=\"c62ec89\" data-element_type=\"widget\" data-settings=\"{&quot;motion_fx_motion_fx_scrolling&quot;:&quot;yes&quot;,&quot;motion_fx_devices&quot;:[&quot;desktop&quot;,&quot;tablet&quot;,&quot;mobile&quot;]}\" data-widget_type=\"text-editor.default\">\n\t\t\t\t<div class=\"elementor-widget-container\">\n\t\t\t\t\t\t\t<strong>A szolg\u00e1ltat\u00e1s d\u00edj\u00e1t a k\u00e9zbes\u00edtend\u0151 k\u00fcldem\u00e9ny m\u00e9rete \u00e9s s\u00falya, \u00e9s nem pedig az \u00e9rkez\u0151 fut\u00e1r koll\u00e9ga j\u00e1rm\u0171v\u00e9nek t\u00edpusa hat\u00e1rozza meg. \u00c9rdekl\u0151dj\u00f6n k\u00e9zbes\u00edt\u00e9si megold\u00e1sainkr\u00f3l telefonon: <a style=\"color: #ff9938; font-size: 14pt; font-weight: bold;\" href=\"tel:+36205363407;\">+36 20\/536-3407 <\/a> <\/strong><strong> vagy emailben:<\/strong>\n<a style=\"color: #ff9938; font-size: 14pt; font-weight: bold;\" href=\"mailto:office@olimpiafutar.hu;\">office@olimpiafutar.hu <\/a> \u00a0<strong>sz\u00edvesen \u00e1llunk rendelkez\u00e9s\u00e9re.<\/strong>\t\t\t\t\t\t<\/div>\n\t\t\t\t<\/div>\n\t\t\t\t<div class=\"elementor-element elementor-element-575aece0 elementor-widget elementor-widget-image\" data-id=\"575aece0\" data-element_type=\"widget\" data-settings=\"{&quot;motion_fx_motion_fx_scrolling&quot;:&quot;yes&quot;,&quot;motion_fx_translateY_effect&quot;:&quot;yes&quot;,&quot;motion_fx_translateY_speed&quot;:{&quot;unit&quot;:&quot;px&quot;,&quot;size&quot;:4,&quot;sizes&quot;:[]},&quot;motion_fx_translateY_affectedRange&quot;:{&quot;unit&quot;:&quot;%&quot;,&quot;size&quot;:&quot;&quot;,&quot;sizes&quot;:{&quot;start&quot;:0,&quot;end&quot;:100}},&quot;motion_fx_devices&quot;:[&quot;desktop&quot;,&quot;tablet&quot;,&quot;mobile&quot;]}\" data-widget_type=\"image.default\">\n\t\t\t\t<div class=\"elementor-widget-container\">\n\t\t\t<style>\/*! elementor - v3.6.6 - 08-06-2022 *\/\n.elementor-widget-image{text-align:center}.elementor-widget-image a{display:inline-block}.elementor-widget-image a img[src$=\".svg\"]{width:48px}.elementor-widget-image img{vertical-align:middle;display:inline-block}<\/style>\t\t\t\t\t\t\t\t\t\t\t\t<img loading=\"lazy\" decoding=\"async\" width=\"375\" height=\"666\" src=\"https:\/\/olimpiafutar.hu\/wp-content\/uploads\/2022\/07\/motor-hatter-nelkul.png\" class=\"attachment-full size-full\" alt=\"\" srcset=\"https:\/\/olimpiafutar.hu\/wp-content\/uploads\/2022\/07\/motor-hatter-nelkul.png 375w, https:\/\/olimpiafutar.hu\/wp-content\/uploads\/2022\/07\/motor-hatter-nelkul-169x300.png 169w\" sizes=\"auto, (max-width: 375px) 100vw, 375px\" \/>\t\t\t\t\t\t\t\t\t\t\t\t\t\t\t<\/div>\n\t\t\t\t<\/div>\n\t\t\t\t\t<\/div>\n\t\t<\/div>\n\t\t\t\t\t\t\t<\/div>\n\t\t<\/section>\n\t\t<div class=\"elementor-element elementor-element-9e8efb4 e-container--row e-container\" data-id=\"9e8efb4\" data-element_type=\"container\">\t\t\t\t<div class=\"elementor-element elementor-element-8d0aa48 elementor-widget elementor-widget-image\" data-id=\"8d0aa48\" data-element_type=\"widget\" data-settings=\"{&quot;motion_fx_motion_fx_scrolling&quot;:&quot;yes&quot;,&quot;motion_fx_motion_fx_mouse&quot;:&quot;yes&quot;,&quot;motion_fx_tilt_effect&quot;:&quot;yes&quot;,&quot;motion_fx_tilt_speed&quot;:{&quot;unit&quot;:&quot;px&quot;,&quot;size&quot;:0.5,&quot;sizes&quot;:[]},&quot;motion_fx_devices&quot;:[&quot;desktop&quot;,&quot;tablet&quot;,&quot;mobile&quot;]}\" data-widget_type=\"image.default\">\n\t\t\t\t<div class=\"elementor-widget-container\">\n\t\t\t\t\t\t\t\t\t\t\t\t\t\t\t<img loading=\"lazy\" decoding=\"async\" width=\"2339\" height=\"1654\" src=\"https:\/\/olimpiafutar.hu\/wp-content\/uploads\/2023\/08\/dijtabla-1.png\" class=\"attachment-full size-full\" alt=\"\" srcset=\"https:\/\/olimpiafutar.hu\/wp-content\/uploads\/2023\/08\/dijtabla-1.png 2339w, https:\/\/olimpiafutar.hu\/wp-content\/uploads\/2023\/08\/dijtabla-1-300x212.png 300w, https:\/\/olimpiafutar.hu\/wp-content\/uploads\/2023\/08\/dijtabla-1-1024x724.png 1024w, https:\/\/olimpiafutar.hu\/wp-content\/uploads\/2023\/08\/dijtabla-1-768x543.png 768w, https:\/\/olimpiafutar.hu\/wp-content\/uploads\/2023\/08\/dijtabla-1-1536x1086.png 1536w, https:\/\/olimpiafutar.hu\/wp-content\/uploads\/2023\/08\/dijtabla-1-2048x1448.png 2048w\" sizes=\"auto, (max-width: 2339px) 100vw, 2339px\" \/>\t\t\t\t\t\t\t\t\t\t\t\t\t\t\t<\/div>\n\t\t\t\t<\/div>\n\t\t<\/div><div class=\"elementor-element elementor-element-e606129 e-container--column e-container\" data-id=\"e606129\" data-element_type=\"container\">\t\t\t\t<div class=\"elementor-element elementor-element-ffea302 elementor-widget elementor-widget-spacer\" data-id=\"ffea302\" data-element_type=\"widget\" data-widget_type=\"spacer.default\">\n\t\t\t\t<div class=\"elementor-widget-container\">\n\t\t\t<style>\/*! elementor - v3.6.6 - 08-06-2022 *\/\n.e-container.e-container--row .elementor-spacer-inner{width:var(--spacer-size)}.e-container.e-container--column .elementor-spacer-inner,.elementor-column .elementor-spacer-inner{height:var(--spacer-size)}<\/style>\t\t<div class=\"elementor-spacer\">\n\t\t\t<div class=\"elementor-spacer-inner\"><\/div>\n\t\t<\/div>\n\t\t\t\t<\/div>\n\t\t\t\t<\/div>\n\t\t\t\t<div class=\"elementor-element elementor-element-57f83b8 elementor-view-default elementor-widget elementor-widget-icon\" data-id=\"57f83b8\" data-element_type=\"widget\" data-settings=\"{&quot;motion_fx_motion_fx_scrolling&quot;:&quot;yes&quot;,&quot;motion_fx_rotateZ_effect&quot;:&quot;yes&quot;,&quot;motion_fx_rotateZ_speed&quot;:{&quot;unit&quot;:&quot;px&quot;,&quot;size&quot;:1,&quot;sizes&quot;:[]},&quot;motion_fx_rotateZ_affectedRange&quot;:{&quot;unit&quot;:&quot;%&quot;,&quot;size&quot;:&quot;&quot;,&quot;sizes&quot;:{&quot;start&quot;:0,&quot;end&quot;:100}},&quot;motion_fx_devices&quot;:[&quot;desktop&quot;,&quot;tablet&quot;,&quot;mobile&quot;]}\" data-widget_type=\"icon.default\">\n\t\t\t\t<div class=\"elementor-widget-container\">\n\t\t\t\t\t<div class=\"elementor-icon-wrapper\">\n\t\t\t<div class=\"elementor-icon\">\n\t\t\t<svg aria-hidden=\"true\" class=\"e-font-icon-svg e-fas-motorcycle\"><use xlink:href=\"#fas-motorcycle\" \/><\/svg>\t\t\t<\/div>\n\t\t<\/div>\n\t\t\t\t<\/div>\n\t\t\t\t<\/div>\n\t\t<\/div><div class=\"elementor-element elementor-element-24b302e e-container--column e-container\" data-id=\"24b302e\" data-element_type=\"container\">\t\t\t\t<div class=\"elementor-element elementor-element-8adbffe elementor-widget elementor-widget-text-editor\" data-id=\"8adbffe\" data-element_type=\"widget\" data-widget_type=\"text-editor.default\">\n\t\t\t\t<div class=\"elementor-widget-container\">\n\t\t\t\t\t\t\t<p><strong>Munkaid\u0151n t\u00fali k\u00e9zbes\u00edt\u00e9sek (h\u00e9tv\u00e9g\u00e9n, \u00fcnnep, -\u00e9s munkasz\u00fcneti napokon, vagy h\u00e9tk\u00f6znapokon 8:00 el\u0151tt, illetve 17:00 ut\u00e1n):<\/strong> alapd\u00edj +50%, de min. 8000,-Ft. \u00c1lland\u00f3 Partnereinknek kedvezm\u00e9ny! Ezen szolg\u00e1ltat\u00e1sunk el\u0151rendel\u00e9ssel vehet\u0151 ig\u00e9nybe.<\/p><p><strong>Munkaid\u0151:<\/strong> munkanapokon 8:00-t\u00f3l 17:00-ig.<\/p><p><strong>Megrendel\u0151i telefon<\/strong>: +36 (20) 536 3407<\/p><p><strong><em>Az Olimpia Fut\u00e1rszolg\u00e1lat fenntartja a jogot az \u00e1rk\u00e9pz\u00e9s r\u00e9sz\u00e9nek, vagy eg\u00e9sz\u00e9nek megv\u00e1ltoztat\u00e1s\u00e1ra.<\/em><\/strong><\/p>\t\t\t\t\t\t<\/div>\n\t\t\t\t<\/div>\n\t\t<\/div>\t\t\t\t\t<\/div>\n\t\t","protected":false},"excerpt":{"rendered":"<p>Motoros Gyors \u00e9s egyszer\u0171 megold\u00e1sra, kisebb m\u00e9ret\u0171 k\u00fcldem\u00e9nyek k\u00e9zbes\u00edt\u00e9s\u00e9re van sz\u00fcks\u00e9ge? Levelek, dosszi\u00e9k, kompakt dobozok maximum 20 cm hossz\u00fas\u00e1gig, 40 cm sz\u00e9less\u00e9gig, 45 cm magass\u00e1gig \u00e9s 10 kg-os s\u00falyhat\u00e1rig t\u00f6rt\u00e9n\u0151 k\u00e9zbes\u00edt\u00e9s\u00e9re v\u00e1lassza a Motoros Fut\u00e1r Szolg\u00e1ltat\u00e1sunkat. A k\u00f6zleked\u00e9si dug\u00f3 nem akad\u00e1ly. Fut\u00e1r koll\u00e9g\u00e1ink \u00e1llnak rendelkez\u00e9s\u00e9re minden k\u00f6r\u00fclm\u00e9nyek k\u00f6z\u00f6tt. A szolg\u00e1ltat\u00e1s alap\u00e1ras. \u00a0 \u00c1raink t\u00e1j\u00e9koztat\u00f3 jelleggel,\u00a0\u00c1FA-mentesen\u00a0\u00e9rtend\u0151k. [&hellip;]<\/p>\n","protected":false},"author":1,"featured_media":0,"parent":0,"menu_order":0,"comment_status":"closed","ping_status":"closed","template":"","meta":{"footnotes":""},"class_list":["post-221","page","type-page","status-publish","hentry","entry"],"_links":{"self":[{"href":"https:\/\/olimpiafutar.hu\/index.php?rest_route=\/wp\/v2\/pages\/221","targetHints":{"allow":["GET"]}}],"collection":[{"href":"https:\/\/olimpiafutar.hu\/index.php?rest_route=\/wp\/v2\/pages"}],"about":[{"href":"https:\/\/olimpiafutar.hu\/index.php?rest_route=\/wp\/v2\/types\/page"}],"author":[{"embeddable":true,"href":"https:\/\/olimpiafutar.hu\/index.php?rest_route=\/wp\/v2\/users\/1"}],"replies":[{"embeddable":true,"href":"https:\/\/olimpiafutar.hu\/index.php?rest_route=%2Fwp%2Fv2%2Fcomments&post=221"}],"version-history":[{"count":73,"href":"https:\/\/olimpiafutar.hu\/index.php?rest_route=\/wp\/v2\/pages\/221\/revisions"}],"predecessor-version":[{"id":714,"href":"https:\/\/olimpiafutar.hu\/index.php?rest_route=\/wp\/v2\/pages\/221\/revisions\/714"}],"wp:attachment":[{"href":"https:\/\/olimpiafutar.hu\/index.php?rest_route=%2Fwp%2Fv2%2Fmedia&parent=221"}],"curies":[{"name":"wp","href":"https:\/\/api.w.org\/{rel}","templated":true}]}}