{"id":222,"date":"2022-08-04T12:29:11","date_gmt":"2022-08-04T12:29:11","guid":{"rendered":"https:\/\/olimpiafutar.hu\/?page_id=222"},"modified":"2026-05-04T15:11:40","modified_gmt":"2026-05-04T15:11:40","slug":"autos","status":"publish","type":"page","link":"https:\/\/olimpiafutar.hu\/?page_id=222","title":{"rendered":"Aut\u00f3s"},"content":{"rendered":"\t\t<div data-elementor-type=\"wp-page\" data-elementor-id=\"222\" class=\"elementor elementor-222\">\n\t\t\t\t\t\t\t<div class=\"elementor-element elementor-element-5c7ac2e e-container--column e-container\" data-id=\"5c7ac2e\" data-element_type=\"container\">\t\t<\/div>\t\t<section class=\"elementor-section elementor-top-section elementor-element elementor-element-4634636b elementor-section-content-middle elementor-reverse-mobile elementor-section-boxed elementor-section-height-default elementor-section-height-default\" data-id=\"4634636b\" data-element_type=\"section\">\n\t\t\t\t\t\t<div class=\"elementor-container elementor-column-gap-no\">\n\t\t\t\t\t<div class=\"elementor-column elementor-col-50 elementor-top-column elementor-element elementor-element-29bbd98\" data-id=\"29bbd98\" data-element_type=\"column\">\n\t\t\t<div class=\"elementor-widget-wrap elementor-element-populated\">\n\t\t\t\t\t\t\t\t<div class=\"elementor-element elementor-element-efe6039 elementor-widget elementor-widget-heading\" data-id=\"efe6039\" data-element_type=\"widget\" data-widget_type=\"heading.default\">\n\t\t\t\t<div class=\"elementor-widget-container\">\n\t\t\t<style>\/*! elementor - v3.6.6 - 08-06-2022 *\/\n.elementor-heading-title{padding:0;margin:0;line-height:1}.elementor-widget-heading .elementor-heading-title[class*=elementor-size-]>a{color:inherit;font-size:inherit;line-height:inherit}.elementor-widget-heading .elementor-heading-title.elementor-size-small{font-size:15px}.elementor-widget-heading .elementor-heading-title.elementor-size-medium{font-size:19px}.elementor-widget-heading .elementor-heading-title.elementor-size-large{font-size:29px}.elementor-widget-heading .elementor-heading-title.elementor-size-xl{font-size:39px}.elementor-widget-heading .elementor-heading-title.elementor-size-xxl{font-size:59px}<\/style><h2 class=\"elementor-heading-title elementor-size-default\">Aut\u00f3s<\/h2>\t\t<\/div>\n\t\t\t\t<\/div>\n\t\t\t\t<div class=\"elementor-element elementor-element-1720407e elementor-widget elementor-widget-text-editor\" data-id=\"1720407e\" data-element_type=\"widget\" data-widget_type=\"text-editor.default\">\n\t\t\t\t<div class=\"elementor-widget-container\">\n\t\t\t<style>\/*! elementor - v3.6.6 - 08-06-2022 *\/\n.elementor-widget-text-editor.elementor-drop-cap-view-stacked .elementor-drop-cap{background-color:#818a91;color:#fff}.elementor-widget-text-editor.elementor-drop-cap-view-framed .elementor-drop-cap{color:#818a91;border:3px solid;background-color:transparent}.elementor-widget-text-editor:not(.elementor-drop-cap-view-default) .elementor-drop-cap{margin-top:8px}.elementor-widget-text-editor:not(.elementor-drop-cap-view-default) .elementor-drop-cap-letter{width:1em;height:1em}.elementor-widget-text-editor .elementor-drop-cap{float:left;text-align:center;line-height:1;font-size:50px}.elementor-widget-text-editor .elementor-drop-cap-letter{display:inline-block}<\/style>\t\t\t\t<p><strong>Aut\u00f3s sz\u00e1ll\u00edt\u00e1sok<\/strong>: Alapd\u00edj+1000,-Ft. Sz\u00e1ll\u00edthat\u00f3 k\u00fcldem\u00e9ny(ek), ill. egy\u00e9b kik\u00f6t\u00e9sek:<\/p><p>&#8211; max.<strong> 300 kg<\/strong> \u00f6sszt\u00f6meg;<\/p><p>&#8211; max. hossz\u00fas\u00e1g: <strong>85<\/strong> x sz\u00e9less\u00e9g: <strong>85<\/strong> x magass\u00e1g: <strong>40<\/strong> cm kiterjed\u00e9s;<\/p><p>&#8211; <strong>biztons\u00e1gos<\/strong> csomagol\u00e1s;<\/p><p>&#8211; egy szem\u00e9ly \u00e1ltal <strong>biztons\u00e1gosan<\/strong> kezelhet\u0151;<\/p><p>&#8211; amit egy \u00e1tlagos <strong>szem\u00e9lyaut\u00f3<\/strong> adotts\u00e1gai biztons\u00e1ggal lehet\u0151v\u00e9 tesznek.<\/p><p>\u00a0<\/p>\t\t\t\t\t\t<\/div>\n\t\t\t\t<\/div>\n\t\t\t\t\t<\/div>\n\t\t<\/div>\n\t\t\t\t<div class=\"elementor-column elementor-col-50 elementor-top-column elementor-element elementor-element-3638474b\" data-id=\"3638474b\" data-element_type=\"column\">\n\t\t\t<div class=\"elementor-widget-wrap elementor-element-populated\">\n\t\t\t\t\t\t\t\t<div class=\"elementor-element elementor-element-e71082b elementor-view-default elementor-widget elementor-widget-icon\" data-id=\"e71082b\" data-element_type=\"widget\" data-widget_type=\"icon.default\">\n\t\t\t\t<div class=\"elementor-widget-container\">\n\t\t\t\t\t<div class=\"elementor-icon-wrapper\">\n\t\t\t<div class=\"elementor-icon\">\n\t\t\t<svg aria-hidden=\"true\" class=\"e-font-icon-svg e-fas-exclamation\"><use xlink:href=\"#fas-exclamation\" \/><\/svg>\t\t\t<\/div>\n\t\t<\/div>\n\t\t\t\t<\/div>\n\t\t\t\t<\/div>\n\t\t\t\t<div class=\"elementor-element elementor-element-00d1403 elementor-widget elementor-widget-text-editor\" data-id=\"00d1403\" data-element_type=\"widget\" data-widget_type=\"text-editor.default\">\n\t\t\t\t<div class=\"elementor-widget-container\">\n\t\t\t\t\t\t\t<p><strong>A szolg\u00e1ltat\u00e1s d\u00edj\u00e1t a k\u00e9zbes\u00edtend\u0151 k\u00fcldem\u00e9ny m\u00e9rete \u00e9s s\u00falya, \u00e9s nem pedig az \u00e9rkez\u0151 fut\u00e1r koll\u00e9ga j\u00e1rm\u0171v\u00e9nek t\u00edpusa hat\u00e1rozza meg. \u00c9rdekl\u0151dj\u00f6n k\u00e9zbes\u00edt\u00e9si megold\u00e1sainkr\u00f3l telefonon: <a style=\"color: #ff9938; font-size: 14pt; font-weight: bold;\" href=\"tel:+36205363407;\">+36 20\/536-3407 <\/a> <\/strong><strong> vagy emailben:<\/strong><br \/><a style=\"color: #ff9938; font-size: 14pt; font-weight: bold;\" href=\"mailto:olimpiafutar@gmail.com;\">olimpiafutar@gmail.com<\/a> \u00a0<strong>sz\u00edvesen \u00e1llunk rendelkez\u00e9s\u00e9re.<\/strong><\/p>\t\t\t\t\t\t<\/div>\n\t\t\t\t<\/div>\n\t\t\t\t<div class=\"elementor-element elementor-element-7445266b elementor-widget elementor-widget-image\" data-id=\"7445266b\" data-element_type=\"widget\" data-settings=\"{&quot;motion_fx_motion_fx_scrolling&quot;:&quot;yes&quot;,&quot;motion_fx_devices&quot;:[&quot;desktop&quot;,&quot;tablet&quot;,&quot;mobile&quot;]}\" data-widget_type=\"image.default\">\n\t\t\t\t<div class=\"elementor-widget-container\">\n\t\t\t<style>\/*! elementor - v3.6.6 - 08-06-2022 *\/\n.elementor-widget-image{text-align:center}.elementor-widget-image a{display:inline-block}.elementor-widget-image a img[src$=\".svg\"]{width:48px}.elementor-widget-image img{vertical-align:middle;display:inline-block}<\/style>\t\t\t\t\t\t\t\t\t\t\t\t<img loading=\"lazy\" decoding=\"async\" width=\"666\" height=\"375\" src=\"https:\/\/olimpiafutar.hu\/wp-content\/uploads\/2022\/07\/auto-hatter-nlekul.png\" class=\"attachment-full size-full\" alt=\"\" srcset=\"https:\/\/olimpiafutar.hu\/wp-content\/uploads\/2022\/07\/auto-hatter-nlekul.png 666w, https:\/\/olimpiafutar.hu\/wp-content\/uploads\/2022\/07\/auto-hatter-nlekul-300x169.png 300w\" sizes=\"auto, (max-width: 666px) 100vw, 666px\" \/>\t\t\t\t\t\t\t\t\t\t\t\t\t\t\t<\/div>\n\t\t\t\t<\/div>\n\t\t\t\t\t<\/div>\n\t\t<\/div>\n\t\t\t\t\t\t\t<\/div>\n\t\t<\/section>\n\t\t<div class=\"elementor-element elementor-element-cf13e79 e-container--column e-container\" data-id=\"cf13e79\" data-element_type=\"container\">\t\t\t\t<div class=\"elementor-element elementor-element-e4646ec elementor-widget elementor-widget-text-editor\" data-id=\"e4646ec\" data-element_type=\"widget\" data-widget_type=\"text-editor.default\">\n\t\t\t\t<div class=\"elementor-widget-container\">\n\t\t\t\t\t\t\t<p><em>\u00c1raink t\u00e1j\u00e9koztat\u00f3 jelleggel,<strong> \u00c1FA-mentesen<\/strong> \u00e9rtend\u0151k. (\u00c1FA:+27%) <\/em><\/p><p><em>Akci\u00f3inkr\u00f3l, speci\u00e1lis <\/em><em>ig\u00e9nyek teljes\u00edt\u00e9s\u00e9r\u0151l konzult\u00e1ljon telefonon, vagy e-mailben \u00dcgyf\u00e9lszolg\u00e1latunkkal. K\u00e9rd\u00e9seiket, \u00e9szrev\u00e9teleiket is sz\u00edvesen fogadjuk el\u00e9rhet\u0151s\u00e9geinken.<\/em><\/p><p><strong>Alapd\u00edj<\/strong>: egy sz\u00e1ll\u00edt\u00e1son bel\u00fcl a k\u00e9t legt\u00e1volabbi c\u00edmhez tartoz\u00f3 \u00f6sszeg.<\/p><p><strong>Oda-vissza sz\u00e1ll\u00edt\u00e1sok<\/strong>: alapd\u00edj +50% (min.+2.400,-Ft)<\/p><p><strong>T\u00f6bb c\u00edmes sz\u00e1ll\u00edt\u00e1sok<\/strong>: alapd\u00edj +2400,-Ft\/c\u00edm<\/p><p><strong>*-gal jelzett ker\u00fcletek k\u00fcls\u0151 ter\u00fcleteire\/r\u0151l t\u00f6rt\u00e9n\u0151 sz\u00e1ll\u00edt\u00e1sok<\/strong>: alapd\u00edj +800,-Ft<\/p><p><strong>V\u00e1rakoz\u00e1s<\/strong>: d\u00edjtalan 10 percig. Ezt meghalad\u00f3an 500,-Ft\/10perc<\/p><p><strong>Rakod\u00e1s<\/strong>: 1.000,-Ft\/10 perc.<\/p>\t\t\t\t\t\t<\/div>\n\t\t\t\t<\/div>\n\t\t<\/div><div class=\"elementor-element elementor-element-7c28bfe e-container--row e-container\" data-id=\"7c28bfe\" data-element_type=\"container\">\t\t\t\t<div class=\"elementor-element elementor-element-d4edc46 elementor-widget elementor-widget-image\" data-id=\"d4edc46\" data-element_type=\"widget\" data-settings=\"{&quot;motion_fx_motion_fx_mouse&quot;:&quot;yes&quot;,&quot;motion_fx_tilt_effect&quot;:&quot;yes&quot;,&quot;motion_fx_tilt_speed&quot;:{&quot;unit&quot;:&quot;px&quot;,&quot;size&quot;:0.5,&quot;sizes&quot;:[]}}\" data-widget_type=\"image.default\">\n\t\t\t\t<div class=\"elementor-widget-container\">\n\t\t\t\t\t\t\t\t\t\t\t\t\t\t\t<img loading=\"lazy\" decoding=\"async\" width=\"2339\" height=\"1654\" src=\"https:\/\/olimpiafutar.hu\/wp-content\/uploads\/2023\/08\/dijtabla-1.png\" class=\"attachment-full size-full\" alt=\"\" srcset=\"https:\/\/olimpiafutar.hu\/wp-content\/uploads\/2023\/08\/dijtabla-1.png 2339w, https:\/\/olimpiafutar.hu\/wp-content\/uploads\/2023\/08\/dijtabla-1-300x212.png 300w, https:\/\/olimpiafutar.hu\/wp-content\/uploads\/2023\/08\/dijtabla-1-1024x724.png 1024w, https:\/\/olimpiafutar.hu\/wp-content\/uploads\/2023\/08\/dijtabla-1-768x543.png 768w, https:\/\/olimpiafutar.hu\/wp-content\/uploads\/2023\/08\/dijtabla-1-1536x1086.png 1536w, https:\/\/olimpiafutar.hu\/wp-content\/uploads\/2023\/08\/dijtabla-1-2048x1448.png 2048w\" sizes=\"auto, (max-width: 2339px) 100vw, 2339px\" \/>\t\t\t\t\t\t\t\t\t\t\t\t\t\t\t<\/div>\n\t\t\t\t<\/div>\n\t\t<\/div><div class=\"elementor-element elementor-element-31148eb e-container--column e-container\" data-id=\"31148eb\" data-element_type=\"container\">\t\t\t\t<div class=\"elementor-element elementor-element-4d11491 elementor-widget elementor-widget-spacer\" data-id=\"4d11491\" data-element_type=\"widget\" data-widget_type=\"spacer.default\">\n\t\t\t\t<div class=\"elementor-widget-container\">\n\t\t\t<style>\/*! elementor - v3.6.6 - 08-06-2022 *\/\n.e-container.e-container--row .elementor-spacer-inner{width:var(--spacer-size)}.e-container.e-container--column .elementor-spacer-inner,.elementor-column .elementor-spacer-inner{height:var(--spacer-size)}<\/style>\t\t<div class=\"elementor-spacer\">\n\t\t\t<div class=\"elementor-spacer-inner\"><\/div>\n\t\t<\/div>\n\t\t\t\t<\/div>\n\t\t\t\t<\/div>\n\t\t\t\t<div class=\"elementor-element elementor-element-59e6404 elementor-view-default elementor-widget elementor-widget-icon\" data-id=\"59e6404\" data-element_type=\"widget\" data-settings=\"{&quot;motion_fx_motion_fx_scrolling&quot;:&quot;yes&quot;,&quot;motion_fx_rotateZ_effect&quot;:&quot;yes&quot;,&quot;motion_fx_rotateZ_speed&quot;:{&quot;unit&quot;:&quot;px&quot;,&quot;size&quot;:1,&quot;sizes&quot;:[]},&quot;motion_fx_rotateZ_affectedRange&quot;:{&quot;unit&quot;:&quot;%&quot;,&quot;size&quot;:&quot;&quot;,&quot;sizes&quot;:{&quot;start&quot;:0,&quot;end&quot;:100}},&quot;motion_fx_devices&quot;:[&quot;desktop&quot;,&quot;tablet&quot;,&quot;mobile&quot;]}\" data-widget_type=\"icon.default\">\n\t\t\t\t<div class=\"elementor-widget-container\">\n\t\t\t\t\t<div class=\"elementor-icon-wrapper\">\n\t\t\t<div class=\"elementor-icon\">\n\t\t\t<svg aria-hidden=\"true\" class=\"e-font-icon-svg e-fas-car-side\"><use xlink:href=\"#fas-car-side\" \/><\/svg>\t\t\t<\/div>\n\t\t<\/div>\n\t\t\t\t<\/div>\n\t\t\t\t<\/div>\n\t\t\t\t<div class=\"elementor-element elementor-element-45cac05 elementor-widget elementor-widget-text-editor\" data-id=\"45cac05\" data-element_type=\"widget\" data-widget_type=\"text-editor.default\">\n\t\t\t\t<div class=\"elementor-widget-container\">\n\t\t\t\t\t\t\t<p><strong>Munkaid\u0151n t\u00fali k\u00e9zbes\u00edt\u00e9sek (h\u00e9tv\u00e9g\u00e9n, \u00fcnnep, -\u00e9s munkasz\u00fcneti napokon, vagy h\u00e9tk\u00f6znapokon 8:00 el\u0151tt, illetve 17:00 ut\u00e1n):<\/strong> alapd\u00edj +50%, de min. 8000,-Ft. \u00c1lland\u00f3 Partnereinknek kedvezm\u00e9ny! Ezen szolg\u00e1ltat\u00e1sunk el\u0151rendel\u00e9ssel vehet\u0151 ig\u00e9nybe.<\/p>\n<p><strong>Munkaid\u0151:<\/strong> munkanapokon 8:00-t\u00f3l 17:00-ig.<\/p>\n<p><strong>Megrendel\u0151i telefon<\/strong>: +36 (20) 536 3407<\/p>\n<p><strong><em>Az Olimpia Fut\u00e1rszolg\u00e1lat fenntartja a jogot az \u00e1rk\u00e9pz\u00e9s r\u00e9sz\u00e9nek, vagy eg\u00e9sz\u00e9nek megv\u00e1ltoztat\u00e1s\u00e1ra.<\/em><\/strong><\/p>\t\t\t\t\t\t<\/div>\n\t\t\t\t<\/div>\n\t\t<\/div>\t\t\t\t\t<\/div>\n\t\t","protected":false},"excerpt":{"rendered":"<p>Aut\u00f3s Aut\u00f3s sz\u00e1ll\u00edt\u00e1sok: Alapd\u00edj+1000,-Ft. Sz\u00e1ll\u00edthat\u00f3 k\u00fcldem\u00e9ny(ek), ill. egy\u00e9b kik\u00f6t\u00e9sek: &#8211; max. 300 kg \u00f6sszt\u00f6meg; &#8211; max. hossz\u00fas\u00e1g: 85 x sz\u00e9less\u00e9g: 85 x magass\u00e1g: 40 cm kiterjed\u00e9s; &#8211; biztons\u00e1gos csomagol\u00e1s; &#8211; egy szem\u00e9ly \u00e1ltal biztons\u00e1gosan kezelhet\u0151; &#8211; amit egy \u00e1tlagos szem\u00e9lyaut\u00f3 adotts\u00e1gai biztons\u00e1ggal lehet\u0151v\u00e9 tesznek. \u00a0 A szolg\u00e1ltat\u00e1s d\u00edj\u00e1t a k\u00e9zbes\u00edtend\u0151 k\u00fcldem\u00e9ny m\u00e9rete \u00e9s s\u00falya, \u00e9s [&hellip;]<\/p>\n","protected":false},"author":1,"featured_media":0,"parent":0,"menu_order":0,"comment_status":"closed","ping_status":"closed","template":"","meta":{"footnotes":""},"class_list":["post-222","page","type-page","status-publish","hentry","entry"],"_links":{"self":[{"href":"https:\/\/olimpiafutar.hu\/index.php?rest_route=\/wp\/v2\/pages\/222","targetHints":{"allow":["GET"]}}],"collection":[{"href":"https:\/\/olimpiafutar.hu\/index.php?rest_route=\/wp\/v2\/pages"}],"about":[{"href":"https:\/\/olimpiafutar.hu\/index.php?rest_route=\/wp\/v2\/types\/page"}],"author":[{"embeddable":true,"href":"https:\/\/olimpiafutar.hu\/index.php?rest_route=\/wp\/v2\/users\/1"}],"replies":[{"embeddable":true,"href":"https:\/\/olimpiafutar.hu\/index.php?rest_route=%2Fwp%2Fv2%2Fcomments&post=222"}],"version-history":[{"count":46,"href":"https:\/\/olimpiafutar.hu\/index.php?rest_route=\/wp\/v2\/pages\/222\/revisions"}],"predecessor-version":[{"id":752,"href":"https:\/\/olimpiafutar.hu\/index.php?rest_route=\/wp\/v2\/pages\/222\/revisions\/752"}],"wp:attachment":[{"href":"https:\/\/olimpiafutar.hu\/index.php?rest_route=%2Fwp%2Fv2%2Fmedia&parent=222"}],"curies":[{"name":"wp","href":"https:\/\/api.w.org\/{rel}","templated":true}]}}