{"id":38,"date":"2022-07-13T11:28:08","date_gmt":"2022-07-13T11:28:08","guid":{"rendered":"https:\/\/olimpiafutar.hu\/?page_id=38"},"modified":"2022-10-06T12:55:22","modified_gmt":"2022-10-06T12:55:22","slug":"about","status":"publish","type":"page","link":"https:\/\/olimpiafutar.hu\/?page_id=38","title":{"rendered":"R\u00f3lunk"},"content":{"rendered":"\t\t<div data-elementor-type=\"wp-page\" data-elementor-id=\"38\" class=\"elementor elementor-38\">\n\t\t\t\t\t\t\t\t\t<section class=\"elementor-section elementor-top-section elementor-element elementor-element-42e924fe elementor-section-content-middle elementor-section-boxed elementor-section-height-default elementor-section-height-default\" data-id=\"42e924fe\" data-element_type=\"section\" data-settings=\"{&quot;background_background&quot;:&quot;classic&quot;}\">\n\t\t\t\t\t\t<div class=\"elementor-container elementor-column-gap-no\">\n\t\t\t\t\t<div class=\"elementor-column elementor-col-50 elementor-top-column elementor-element elementor-element-68e5ce00\" data-id=\"68e5ce00\" data-element_type=\"column\">\n\t\t\t<div class=\"elementor-widget-wrap elementor-element-populated\">\n\t\t\t\t\t\t\t\t<div class=\"elementor-element elementor-element-24896c60 elementor-widget elementor-widget-image\" data-id=\"24896c60\" data-element_type=\"widget\" data-widget_type=\"image.default\">\n\t\t\t\t<div class=\"elementor-widget-container\">\n\t\t\t<style>\/*! elementor - v3.6.6 - 08-06-2022 *\/\n.elementor-widget-image{text-align:center}.elementor-widget-image a{display:inline-block}.elementor-widget-image a img[src$=\".svg\"]{width:48px}.elementor-widget-image img{vertical-align:middle;display:inline-block}<\/style>\t\t\t\t\t\t\t\t\t\t\t\t<img loading=\"lazy\" decoding=\"async\" width=\"462\" height=\"540\" src=\"https:\/\/olimpiafutar.hu\/wp-content\/uploads\/2022\/07\/cropped-Olimpia_NMB__7hatter-nelkul-1.png\" class=\"attachment-full size-full\" alt=\"\" srcset=\"https:\/\/olimpiafutar.hu\/wp-content\/uploads\/2022\/07\/cropped-Olimpia_NMB__7hatter-nelkul-1.png 462w, https:\/\/olimpiafutar.hu\/wp-content\/uploads\/2022\/07\/cropped-Olimpia_NMB__7hatter-nelkul-1-257x300.png 257w\" sizes=\"auto, (max-width: 462px) 100vw, 462px\" \/>\t\t\t\t\t\t\t\t\t\t\t\t\t\t\t<\/div>\n\t\t\t\t<\/div>\n\t\t\t\t\t<\/div>\n\t\t<\/div>\n\t\t\t\t<div class=\"elementor-column elementor-col-50 elementor-top-column elementor-element elementor-element-7765c1ec\" data-id=\"7765c1ec\" data-element_type=\"column\">\n\t\t\t<div class=\"elementor-widget-wrap elementor-element-populated\">\n\t\t\t\t\t\t\t\t<div class=\"elementor-element elementor-element-45f0891 elementor-widget elementor-widget-text-editor\" data-id=\"45f0891\" data-element_type=\"widget\" data-widget_type=\"text-editor.default\">\n\t\t\t\t<div class=\"elementor-widget-container\">\n\t\t\t<style>\/*! elementor - v3.6.6 - 08-06-2022 *\/\n.elementor-widget-text-editor.elementor-drop-cap-view-stacked .elementor-drop-cap{background-color:#818a91;color:#fff}.elementor-widget-text-editor.elementor-drop-cap-view-framed .elementor-drop-cap{color:#818a91;border:3px solid;background-color:transparent}.elementor-widget-text-editor:not(.elementor-drop-cap-view-default) .elementor-drop-cap{margin-top:8px}.elementor-widget-text-editor:not(.elementor-drop-cap-view-default) .elementor-drop-cap-letter{width:1em;height:1em}.elementor-widget-text-editor .elementor-drop-cap{float:left;text-align:center;line-height:1;font-size:50px}.elementor-widget-text-editor .elementor-drop-cap-letter{display:inline-block}<\/style>\t\t\t\t<p>Magunkr\u00f3l<\/p>\t\t\t\t\t\t<\/div>\n\t\t\t\t<\/div>\n\t\t\t\t<div class=\"elementor-element elementor-element-3968b051 elementor-widget elementor-widget-text-editor\" data-id=\"3968b051\" data-element_type=\"widget\" data-widget_type=\"text-editor.default\">\n\t\t\t\t<div class=\"elementor-widget-container\">\n\t\t\t\t\t\t\t<p>Az Olimpia Fut\u00e1r Kereskedelmi \u00e9s Szolg\u00e1ltat\u00f3 Kft. Fut\u00e1rpostai tev\u00e9kenys\u00e9ggel \u00e9s \u00dcgyint\u00e9z\u00e9ssel foglakoz\u00f3 v\u00e1llalkoz\u00e1s.<\/p><p>Szolg\u00e1ltat\u00e1sainkat &#8211; a szok\u00e1sos fut\u00e1rszolg\u00e1lati tev\u00e9kenys\u00e9gen t\u00fal &#8211; igyeksz\u00fcnk kedves Megrendel\u0151ink elv\u00e1r\u00e1sainak megfeleltetni, \u00edgy kisebb-nagyobb <strong>beszerz\u00e9sek,<\/strong> <strong>vir\u00e1gk\u00fcld\u00e9s, p\u00e1ly\u00e1zat-lead\u00e1s,<\/strong> sorban\u00e1ll\u00e1ssal j\u00e1r\u00f3 <strong>\u00fcgyint\u00e9z\u00e9sek<\/strong> terheit is levessz\u00fck az \u00d6n\u00f6k v\u00e1ll\u00e1r\u00f3l.<\/p><p>A c\u00e9get 2012-ben alap\u00edtottuk a NON STOP Fut\u00e1rszolg\u00e1lat ut\u00f3djak\u00e9nt. \u00dcgyfeleink megb\u00edzhat\u00f3, pontos, prec\u00edz, magas szinten t\u00f6rt\u00e9n\u0151 kiszolg\u00e1l\u00e1s\u00e1t mindenn\u00e9l el\u0151r\u00e9bbval\u00f3nak tartjuk.<\/p>\t\t\t\t\t\t<\/div>\n\t\t\t\t<\/div>\n\t\t\t\t\t<\/div>\n\t\t<\/div>\n\t\t\t\t\t\t\t<\/div>\n\t\t<\/section>\n\t\t<div class=\"elementor-element elementor-element-912994d e-container--column e-container\" data-id=\"912994d\" data-element_type=\"container\" data-settings=\"{&quot;background_background&quot;:&quot;classic&quot;}\">\t\t\t\t<div class=\"elementor-element elementor-element-a4e48b2 elementor-widget elementor-widget-text-editor\" data-id=\"a4e48b2\" data-element_type=\"widget\" data-widget_type=\"text-editor.default\">\n\t\t\t\t<div class=\"elementor-widget-container\">\n\t\t\t\t\t\t\t<p>T\u00f6bb kisebb \u00e9s nagyobb c\u00e9ggel is <strong>hossz\u00fat\u00e1v\u00fa kapcsolatban <\/strong>\u00e1llunk, egyes c\u00e9geknek napi kihelyezett fut\u00e1rt is biztos\u00edtunk \u00e9vtizedekre visszamen\u0151en.<\/p><p>Diszp\u00e9cser\u00fcnk t\u00f6bb \u00e9vtizedes gyakorlattal rendelkezik, tapasztalatainkkal \u00fcgyfeleink sikeress\u00e9g\u00e9t t\u00e1mogatjuk. \u201eHarcba sz\u00e1llunk sikereik\u00e9rt\u201d .<\/p><p><strong>Uniqa Biztos\u00edt\u00f3, Quantis, Hungarikum Alkusz, Weltauto, Reckitt Benckiser, Triwarden<\/strong> \u00e9s sokan m\u00e1sok.<\/p><p>Tisztelettel szeretn\u00e9nk eml\u00e9keztetni \u00d6n\u00f6ket hogy j\u00e1rm\u0171parkunk a <strong>ker\u00e9kp\u00e1rt\u00f3l<\/strong> az 1 tonna teherb\u00edr\u00e1s\u00fa<strong> furgonig<\/strong> terjed, \u00edgy igen sz\u00e9les sk\u00e1l\u00e1n tudjuk sz\u00e1ll\u00edt\u00e1si ig\u00e9nyeiket kiszolg\u00e1lni. Azonnali sz\u00e1ll\u00edt\u00e1sainkkal nemcsak <strong>Budapesten<\/strong>, hanem az <strong>Agglomer\u00e1ci\u00f3ban<\/strong> \u00e9s <strong>Orsz\u00e1gosan<\/strong> is \u00e1llunk sz\u00edves rendelkez\u00e9s\u00fckre.<\/p><p>Szenved\u00e9ly\u00fcnk az \u00fajonnan felmer\u00fcl\u0151 ig\u00e9nyek maxim\u00e1lis kiel\u00e9g\u00edt\u00e9se, szolg\u00e1ltat\u00e1sunk min\u0151s\u00e9g\u00e9nek \u00e9s megb\u00edzhat\u00f3s\u00e1g\u00e1nak megtart\u00e1sa mellett.<\/p>\t\t\t\t\t\t<\/div>\n\t\t\t\t<\/div>\n\t\t<\/div><div class=\"elementor-element elementor-element-6376eec e-container--column e-container\" data-id=\"6376eec\" data-element_type=\"container\" data-settings=\"{&quot;background_background&quot;:&quot;classic&quot;}\">\t\t\t\t<div class=\"elementor-element elementor-element-41da93f elementor-widget elementor-widget-spacer\" data-id=\"41da93f\" data-element_type=\"widget\" data-widget_type=\"spacer.default\">\n\t\t\t\t<div class=\"elementor-widget-container\">\n\t\t\t<style>\/*! elementor - v3.6.6 - 08-06-2022 *\/\n.e-container.e-container--row .elementor-spacer-inner{width:var(--spacer-size)}.e-container.e-container--column .elementor-spacer-inner,.elementor-column .elementor-spacer-inner{height:var(--spacer-size)}<\/style>\t\t<div class=\"elementor-spacer\">\n\t\t\t<div class=\"elementor-spacer-inner\"><\/div>\n\t\t<\/div>\n\t\t\t\t<\/div>\n\t\t\t\t<\/div>\n\t\t<\/div><div class=\"elementor-element elementor-element-d1951a8 e-container--row e-container\" data-id=\"d1951a8\" data-element_type=\"container\" data-settings=\"{&quot;background_background&quot;:&quot;classic&quot;}\">\t\t<div class=\"elementor-element elementor-element-8f8055a e-container--column e-container\" data-id=\"8f8055a\" data-element_type=\"container\">\t\t\t\t<div class=\"elementor-element elementor-element-11601cf elementor-widget elementor-widget-text-editor\" data-id=\"11601cf\" data-element_type=\"widget\" data-widget_type=\"text-editor.default\">\n\t\t\t\t<div class=\"elementor-widget-container\">\n\t\t\t\t\t\t\t<p>Motor<\/p>\t\t\t\t\t\t<\/div>\n\t\t\t\t<\/div>\n\t\t\t\t<div class=\"elementor-element elementor-element-41e4e29 elementor-widget elementor-widget-image\" data-id=\"41e4e29\" data-element_type=\"widget\" data-settings=\"{&quot;motion_fx_motion_fx_mouse&quot;:&quot;yes&quot;,&quot;motion_fx_tilt_effect&quot;:&quot;yes&quot;,&quot;motion_fx_tilt_speed&quot;:{&quot;unit&quot;:&quot;px&quot;,&quot;size&quot;:3.5,&quot;sizes&quot;:[]},&quot;_animation&quot;:&quot;none&quot;}\" data-widget_type=\"image.default\">\n\t\t\t\t<div class=\"elementor-widget-container\">\n\t\t\t\t\t\t\t\t\t\t\t\t\t\t\t\t<a href=\"https:\/\/olimpiafutar.hu\/?page_id=221\">\n\t\t\t\t\t\t\t<img loading=\"lazy\" decoding=\"async\" width=\"666\" height=\"375\" src=\"https:\/\/olimpiafutar.hu\/wp-content\/uploads\/2022\/07\/motor-hatter-nelkul-2-e1657719984498.png\" class=\"attachment-large size-large\" alt=\"\" srcset=\"https:\/\/olimpiafutar.hu\/wp-content\/uploads\/2022\/07\/motor-hatter-nelkul-2-e1657719984498.png 666w, https:\/\/olimpiafutar.hu\/wp-content\/uploads\/2022\/07\/motor-hatter-nelkul-2-e1657719984498-300x169.png 300w\" sizes=\"auto, (max-width: 666px) 100vw, 666px\" \/>\t\t\t\t\t\t\t\t<\/a>\n\t\t\t\t\t\t\t\t\t\t\t\t\t\t\t<\/div>\n\t\t\t\t<\/div>\n\t\t\t\t<div class=\"elementor-element elementor-element-f694b33 elementor-widget elementor-widget-text-editor\" data-id=\"f694b33\" data-element_type=\"widget\" data-widget_type=\"text-editor.default\">\n\t\t\t\t<div class=\"elementor-widget-container\">\n\t\t\t\t\t\t\t<p>Ha bor\u00edt\u00e9kja, dokumentuma, kisebb doboza van&#8230;<\/p>\t\t\t\t\t\t<\/div>\n\t\t\t\t<\/div>\n\t\t<\/div><div class=\"elementor-element elementor-element-b28a75d e-container--column e-container\" data-id=\"b28a75d\" data-element_type=\"container\" data-settings=\"{&quot;motion_fx_motion_fx_mouse&quot;:&quot;yes&quot;}\">\t\t\t\t<div class=\"elementor-element elementor-element-c24cee7 elementor-widget elementor-widget-text-editor\" data-id=\"c24cee7\" data-element_type=\"widget\" data-widget_type=\"text-editor.default\">\n\t\t\t\t<div class=\"elementor-widget-container\">\n\t\t\t\t\t\t\t<p>Aut\u00f3<\/p>\t\t\t\t\t\t<\/div>\n\t\t\t\t<\/div>\n\t\t\t\t<div class=\"elementor-element elementor-element-8e4d473 elementor-widget elementor-widget-image\" data-id=\"8e4d473\" data-element_type=\"widget\" data-settings=\"{&quot;motion_fx_motion_fx_mouse&quot;:&quot;yes&quot;,&quot;motion_fx_tilt_effect&quot;:&quot;yes&quot;,&quot;motion_fx_tilt_speed&quot;:{&quot;unit&quot;:&quot;px&quot;,&quot;size&quot;:3.5,&quot;sizes&quot;:[]}}\" data-widget_type=\"image.default\">\n\t\t\t\t<div class=\"elementor-widget-container\">\n\t\t\t\t\t\t\t\t\t\t\t\t\t\t\t\t<a href=\"https:\/\/olimpiafutar.hu\/?page_id=222\">\n\t\t\t\t\t\t\t<img loading=\"lazy\" decoding=\"async\" width=\"666\" height=\"375\" src=\"https:\/\/olimpiafutar.hu\/wp-content\/uploads\/2022\/07\/auto-hatter-nlekul.png\" class=\"attachment-large size-large\" alt=\"\" srcset=\"https:\/\/olimpiafutar.hu\/wp-content\/uploads\/2022\/07\/auto-hatter-nlekul.png 666w, https:\/\/olimpiafutar.hu\/wp-content\/uploads\/2022\/07\/auto-hatter-nlekul-300x169.png 300w\" sizes=\"auto, (max-width: 666px) 100vw, 666px\" \/>\t\t\t\t\t\t\t\t<\/a>\n\t\t\t\t\t\t\t\t\t\t\t\t\t\t\t<\/div>\n\t\t\t\t<\/div>\n\t\t\t\t<div class=\"elementor-element elementor-element-57ac7fe elementor-widget elementor-widget-text-editor\" data-id=\"57ac7fe\" data-element_type=\"widget\" data-widget_type=\"text-editor.default\">\n\t\t\t\t<div class=\"elementor-widget-container\">\n\t\t\t\t\t\t\t<p>Ha egy szem\u00e9lyaut\u00f3 csomagtart\u00f3j\u00e1ra lesz sz\u00fcks\u00e9g&#8230;<\/p>\t\t\t\t\t\t<\/div>\n\t\t\t\t<\/div>\n\t\t<\/div><div class=\"elementor-element elementor-element-79e3628 e-container--column e-container\" data-id=\"79e3628\" data-element_type=\"container\">\t\t\t\t<div class=\"elementor-element elementor-element-3dbaa2c elementor-widget elementor-widget-text-editor\" data-id=\"3dbaa2c\" data-element_type=\"widget\" data-widget_type=\"text-editor.default\">\n\t\t\t\t<div class=\"elementor-widget-container\">\n\t\t\t\t\t\t\t<p>Furgon<\/p>\t\t\t\t\t\t<\/div>\n\t\t\t\t<\/div>\n\t\t\t\t<div class=\"elementor-element elementor-element-c606078 elementor-widget elementor-widget-image\" data-id=\"c606078\" data-element_type=\"widget\" data-settings=\"{&quot;motion_fx_motion_fx_mouse&quot;:&quot;yes&quot;,&quot;motion_fx_tilt_effect&quot;:&quot;yes&quot;,&quot;motion_fx_tilt_speed&quot;:{&quot;unit&quot;:&quot;px&quot;,&quot;size&quot;:3.5,&quot;sizes&quot;:[]}}\" data-widget_type=\"image.default\">\n\t\t\t\t<div class=\"elementor-widget-container\">\n\t\t\t\t\t\t\t\t\t\t\t\t\t\t\t\t<a href=\"https:\/\/olimpiafutar.hu\/?page_id=223\">\n\t\t\t\t\t\t\t<img loading=\"lazy\" decoding=\"async\" width=\"666\" height=\"375\" src=\"https:\/\/olimpiafutar.hu\/wp-content\/uploads\/2022\/08\/DSC_2841-removebg-preview.png\" class=\"attachment-large size-large\" alt=\"\" srcset=\"https:\/\/olimpiafutar.hu\/wp-content\/uploads\/2022\/08\/DSC_2841-removebg-preview.png 666w, https:\/\/olimpiafutar.hu\/wp-content\/uploads\/2022\/08\/DSC_2841-removebg-preview-300x169.png 300w\" sizes=\"auto, (max-width: 666px) 100vw, 666px\" \/>\t\t\t\t\t\t\t\t<\/a>\n\t\t\t\t\t\t\t\t\t\t\t\t\t\t\t<\/div>\n\t\t\t\t<\/div>\n\t\t\t\t<div class=\"elementor-element elementor-element-fca2abb elementor-widget elementor-widget-text-editor\" data-id=\"fca2abb\" data-element_type=\"widget\" data-widget_type=\"text-editor.default\">\n\t\t\t\t<div class=\"elementor-widget-container\">\n\t\t\t\t\t\t\t<p>Ha egy szem\u00e9lyaut\u00f3 csomagtart\u00f3ja kev\u00e9s lesz&#8230;<\/p>\t\t\t\t\t\t<\/div>\n\t\t\t\t<\/div>\n\t\t<\/div><div class=\"elementor-element elementor-element-1d80e9a e-container--column e-container\" data-id=\"1d80e9a\" data-element_type=\"container\">\t\t\t\t<div class=\"elementor-element elementor-element-bb2f5c5 elementor-widget elementor-widget-text-editor\" data-id=\"bb2f5c5\" data-element_type=\"widget\" data-widget_type=\"text-editor.default\">\n\t\t\t\t<div class=\"elementor-widget-container\">\n\t\t\t\t\t\t\t<p>Maxi Furgon<\/p>\t\t\t\t\t\t<\/div>\n\t\t\t\t<\/div>\n\t\t\t\t<div class=\"elementor-element elementor-element-82d9901 elementor-widget elementor-widget-image\" data-id=\"82d9901\" data-element_type=\"widget\" data-settings=\"{&quot;motion_fx_motion_fx_mouse&quot;:&quot;yes&quot;,&quot;motion_fx_tilt_effect&quot;:&quot;yes&quot;,&quot;motion_fx_tilt_speed&quot;:{&quot;unit&quot;:&quot;px&quot;,&quot;size&quot;:3.5,&quot;sizes&quot;:[]}}\" data-widget_type=\"image.default\">\n\t\t\t\t<div class=\"elementor-widget-container\">\n\t\t\t\t\t\t\t\t\t\t\t\t\t\t\t\t<a href=\"https:\/\/olimpiafutar.hu\/?page_id=224\">\n\t\t\t\t\t\t\t<img loading=\"lazy\" decoding=\"async\" width=\"666\" height=\"375\" src=\"https:\/\/olimpiafutar.hu\/wp-content\/uploads\/2022\/08\/DSC_2435-removebg-preview.png\" class=\"attachment-large size-large\" alt=\"\" srcset=\"https:\/\/olimpiafutar.hu\/wp-content\/uploads\/2022\/08\/DSC_2435-removebg-preview.png 666w, https:\/\/olimpiafutar.hu\/wp-content\/uploads\/2022\/08\/DSC_2435-removebg-preview-300x169.png 300w\" sizes=\"auto, (max-width: 666px) 100vw, 666px\" \/>\t\t\t\t\t\t\t\t<\/a>\n\t\t\t\t\t\t\t\t\t\t\t\t\t\t\t<\/div>\n\t\t\t\t<\/div>\n\t\t\t\t<div class=\"elementor-element elementor-element-4dd7872 elementor-widget elementor-widget-text-editor\" data-id=\"4dd7872\" data-element_type=\"widget\" data-widget_type=\"text-editor.default\">\n\t\t\t\t<div class=\"elementor-widget-container\">\n\t\t\t\t\t\t\t<p>Ami egyikbe sem f\u00e9r be&#8230;<\/p>\t\t\t\t\t\t<\/div>\n\t\t\t\t<\/div>\n\t\t<\/div><\/div><div class=\"elementor-element elementor-element-e53188d e-container--column e-container\" data-id=\"e53188d\" data-element_type=\"container\" data-settings=\"{&quot;background_background&quot;:&quot;classic&quot;}\">\t\t\t\t<div class=\"elementor-element elementor-element-6d1399f elementor-widget elementor-widget-spacer\" data-id=\"6d1399f\" data-element_type=\"widget\" data-widget_type=\"spacer.default\">\n\t\t\t\t<div class=\"elementor-widget-container\">\n\t\t\t\t\t<div class=\"elementor-spacer\">\n\t\t\t<div class=\"elementor-spacer-inner\"><\/div>\n\t\t<\/div>\n\t\t\t\t<\/div>\n\t\t\t\t<\/div>\n\t\t\t\t<div class=\"elementor-element elementor-element-2e21658 elementor-view-default elementor-widget elementor-widget-icon\" data-id=\"2e21658\" data-element_type=\"widget\" data-widget_type=\"icon.default\">\n\t\t\t\t<div class=\"elementor-widget-container\">\n\t\t\t\t\t<div class=\"elementor-icon-wrapper\">\n\t\t\t<div class=\"elementor-icon\">\n\t\t\t<svg aria-hidden=\"true\" class=\"e-font-icon-svg e-fas-cubes\"><use xlink:href=\"#fas-cubes\" \/><\/svg>\t\t\t<\/div>\n\t\t<\/div>\n\t\t\t\t<\/div>\n\t\t\t\t<\/div>\n\t\t\t\t<div class=\"elementor-element elementor-element-8aa6571 elementor-widget elementor-widget-text-editor\" data-id=\"8aa6571\" data-element_type=\"widget\" data-widget_type=\"text-editor.default\">\n\t\t\t\t<div class=\"elementor-widget-container\">\n\t\t\t\t\t\t\t<p>V\u00e9g\u00fcl engedj\u00e9k meg, hogy C\u00e9gvezet\u00e9s\u00fcnk rem\u00e9ny\u00e9t fejezze ki a tov\u00e1bbi k\u00f6lcs\u00f6n\u00f6sen gy\u00fcm\u00f6lcs\u00f6z\u0151 egy\u00fcttm\u0171k\u00f6d\u00e9sre.<\/p><p>K\u00f6sz\u00f6nettel:<\/p><p><strong><a style=\"color: #511132; font-size: 15pt; font-weight: thick;\">\u00a0B\u00e1nki Albert\u00a0 <\/a><\/strong>\u00dcgyvezet\u0151.<\/p><p>Tel.: +36 20 536 3407<\/p><p>Email: office@olimpiafutar.hu<\/p>\t\t\t\t\t\t<\/div>\n\t\t\t\t<\/div>\n\t\t<\/div>\t\t\t\t\t<\/div>\n\t\t","protected":false},"excerpt":{"rendered":"<p>Magunkr\u00f3l Az Olimpia Fut\u00e1r Kereskedelmi \u00e9s Szolg\u00e1ltat\u00f3 Kft. Fut\u00e1rpostai tev\u00e9kenys\u00e9ggel \u00e9s \u00dcgyint\u00e9z\u00e9ssel foglakoz\u00f3 v\u00e1llalkoz\u00e1s. Szolg\u00e1ltat\u00e1sainkat &#8211; a szok\u00e1sos fut\u00e1rszolg\u00e1lati tev\u00e9kenys\u00e9gen t\u00fal &#8211; igyeksz\u00fcnk kedves Megrendel\u0151ink elv\u00e1r\u00e1sainak megfeleltetni, \u00edgy kisebb-nagyobb beszerz\u00e9sek, vir\u00e1gk\u00fcld\u00e9s, p\u00e1ly\u00e1zat-lead\u00e1s, sorban\u00e1ll\u00e1ssal j\u00e1r\u00f3 \u00fcgyint\u00e9z\u00e9sek terheit is levessz\u00fck az \u00d6n\u00f6k v\u00e1ll\u00e1r\u00f3l. A c\u00e9get 2012-ben alap\u00edtottuk a NON STOP Fut\u00e1rszolg\u00e1lat ut\u00f3djak\u00e9nt. \u00dcgyfeleink megb\u00edzhat\u00f3, pontos, prec\u00edz, magas [&hellip;]<\/p>\n","protected":false},"author":1,"featured_media":31,"parent":0,"menu_order":0,"comment_status":"closed","ping_status":"closed","template":"","meta":{"footnotes":""},"class_list":["post-38","page","type-page","status-publish","has-post-thumbnail","hentry","entry","has-media"],"_links":{"self":[{"href":"https:\/\/olimpiafutar.hu\/index.php?rest_route=\/wp\/v2\/pages\/38","targetHints":{"allow":["GET"]}}],"collection":[{"href":"https:\/\/olimpiafutar.hu\/index.php?rest_route=\/wp\/v2\/pages"}],"about":[{"href":"https:\/\/olimpiafutar.hu\/index.php?rest_route=\/wp\/v2\/types\/page"}],"author":[{"embeddable":true,"href":"https:\/\/olimpiafutar.hu\/index.php?rest_route=\/wp\/v2\/users\/1"}],"replies":[{"embeddable":true,"href":"https:\/\/olimpiafutar.hu\/index.php?rest_route=%2Fwp%2Fv2%2Fcomments&post=38"}],"version-history":[{"count":79,"href":"https:\/\/olimpiafutar.hu\/index.php?rest_route=\/wp\/v2\/pages\/38\/revisions"}],"predecessor-version":[{"id":673,"href":"https:\/\/olimpiafutar.hu\/index.php?rest_route=\/wp\/v2\/pages\/38\/revisions\/673"}],"wp:featuredmedia":[{"embeddable":true,"href":"https:\/\/olimpiafutar.hu\/index.php?rest_route=\/wp\/v2\/media\/31"}],"wp:attachment":[{"href":"https:\/\/olimpiafutar.hu\/index.php?rest_route=%2Fwp%2Fv2%2Fmedia&parent=38"}],"curies":[{"name":"wp","href":"https:\/\/api.w.org\/{rel}","templated":true}]}}